{"id":6358,"date":"2024-04-15T15:56:41","date_gmt":"2024-04-15T18:56:41","guid":{"rendered":"https:\/\/escolinhacriarte.com.br\/site\/?page_id=6358"},"modified":"2024-04-26T15:22:03","modified_gmt":"2024-04-26T18:22:03","slug":"proposta-pedagogica","status":"publish","type":"page","link":"https:\/\/escolinhacriarte.com.br\/site\/proposta-pedagogica\/","title":{"rendered":"Proposta Pedag\u00f3gica"},"content":{"rendered":"\t\t<div data-elementor-type=\"wp-page\" data-elementor-id=\"6358\" class=\"elementor elementor-6358\" data-elementor-post-type=\"page\">\n\t\t\t\t<div class=\"elementor-element elementor-element-724a545 e-flex e-con-boxed e-con e-parent\" data-id=\"724a545\" data-element_type=\"container\">\n\t\t\t\t\t<div class=\"e-con-inner\">\n\t\t\t\t<div class=\"elementor-element elementor-element-61868c6 elementor-widget elementor-widget-text-editor\" data-id=\"61868c6\" data-element_type=\"widget\" data-widget_type=\"text-editor.default\">\n\t\t\t\t<div class=\"elementor-widget-container\">\n\t\t\t\t\t\t\t\t\t<div class=\"grid_row clearfix\"><div class=\"grid_col grid_col_12\"><div class=\"ce clearfix\"><div><p>A metodologia de ensino adotada pela Escola Criarte est\u00e1 baseada na proposta s\u00f3cio-construtivista, cujo objetivo \u00e9 levar a crian\u00e7a a construir o seu pr\u00f3prio conhecimento atrav\u00e9s da explora\u00e7\u00e3o do seu corpo, dos objetos, do espa\u00e7o onde est\u00e1 inserida e das rela\u00e7\u00f5es com o outro. As crian\u00e7as s\u00e3o protagonistas em seu processo de aprendizagem.<\/p><p>Nosso curr\u00edculo enfatiza o contato da crian\u00e7a com os esportes, as artes c\u00eanicas, a m\u00fasica, as hist\u00f3rias infantis, as oficinas de artesanato, de culin\u00e1ria e de jardinagem despertando a criatividade e educando de forma l\u00fadica.<\/p><\/div><\/div><\/div><\/div>\t\t\t\t\t\t\t\t<\/div>\n\t\t\t\t<\/div>\n\t\t\t\t\t<\/div>\n\t\t\t\t<\/div>\n\t\t\t\t<\/div>\n\t\t","protected":false},"excerpt":{"rendered":"<p>A metodologia de ensino adotada pela Escola Criarte est\u00e1 baseada na proposta s\u00f3cio-construtivista, cujo objetivo \u00e9 levar a crian\u00e7a a construir o seu pr\u00f3prio conhecimento atrav\u00e9s da explora\u00e7\u00e3o do seu corpo, dos objetos, do espa\u00e7o onde est\u00e1 inserida e das rela\u00e7\u00f5es com o outro. As crian\u00e7as s\u00e3o protagonistas em seu processo de aprendizagem. Nosso curr\u00edculo [&hellip;]<\/p>\n","protected":false},"author":1,"featured_media":4871,"parent":0,"menu_order":0,"comment_status":"closed","ping_status":"closed","template":"","meta":{"footnotes":""},"class_list":["post-6358","page","type-page","status-publish","has-post-thumbnail","hentry"],"_links":{"self":[{"href":"https:\/\/escolinhacriarte.com.br\/site\/wp-json\/wp\/v2\/pages\/6358","targetHints":{"allow":["GET"]}}],"collection":[{"href":"https:\/\/escolinhacriarte.com.br\/site\/wp-json\/wp\/v2\/pages"}],"about":[{"href":"https:\/\/escolinhacriarte.com.br\/site\/wp-json\/wp\/v2\/types\/page"}],"author":[{"embeddable":true,"href":"https:\/\/escolinhacriarte.com.br\/site\/wp-json\/wp\/v2\/users\/1"}],"replies":[{"embeddable":true,"href":"https:\/\/escolinhacriarte.com.br\/site\/wp-json\/wp\/v2\/comments?post=6358"}],"version-history":[{"count":7,"href":"https:\/\/escolinhacriarte.com.br\/site\/wp-json\/wp\/v2\/pages\/6358\/revisions"}],"predecessor-version":[{"id":7014,"href":"https:\/\/escolinhacriarte.com.br\/site\/wp-json\/wp\/v2\/pages\/6358\/revisions\/7014"}],"wp:featuredmedia":[{"embeddable":true,"href":"https:\/\/escolinhacriarte.com.br\/site\/wp-json\/wp\/v2\/media\/4871"}],"wp:attachment":[{"href":"https:\/\/escolinhacriarte.com.br\/site\/wp-json\/wp\/v2\/media?parent=6358"}],"curies":[{"name":"wp","href":"https:\/\/api.w.org\/{rel}","templated":true}]}}