{"id":6360,"date":"2024-04-15T15:57:21","date_gmt":"2024-04-15T18:57:21","guid":{"rendered":"https:\/\/escolinhacriarte.com.br\/site\/?page_id=6360"},"modified":"2024-04-26T15:35:53","modified_gmt":"2024-04-26T18:35:53","slug":"diferenciais","status":"publish","type":"page","link":"https:\/\/escolinhacriarte.com.br\/site\/diferenciais\/","title":{"rendered":"Diferenciais"},"content":{"rendered":"\t\t<div data-elementor-type=\"wp-page\" data-elementor-id=\"6360\" class=\"elementor elementor-6360\" data-elementor-post-type=\"page\">\n\t\t\t\t<div class=\"elementor-element elementor-element-84b013f e-flex e-con-boxed e-con e-parent\" data-id=\"84b013f\" data-element_type=\"container\">\n\t\t\t\t\t<div class=\"e-con-inner\">\n\t\t<div class=\"elementor-element elementor-element-bfeefed e-con-full e-flex e-con e-child\" data-id=\"bfeefed\" data-element_type=\"container\">\n\t\t\t\t<div class=\"elementor-element elementor-element-f408003 elementor-widget elementor-widget-text-editor\" data-id=\"f408003\" data-element_type=\"widget\" data-widget_type=\"text-editor.default\">\n\t\t\t\t<div class=\"elementor-widget-container\">\n\t\t\t\t\t\t\t\t\t<div class=\"grid_col grid_col_6\"><div class=\"ce clearfix\"><div><ul class=\"checkmarks_style\"><li>800 m2 de \u00e1rea constru\u00edda para proporcionar \u00e0 crian\u00e7a espa\u00e7os amplos e seguros.<\/li><li>Porte Coch\u00e8re \u2013 os pais entregam e buscam seus filhos de carro dentro da escola, protegidos da chuva e seguros<\/li><li>Atividades especiais curriculares: everyday english desde o ber\u00e7\u00e1rio, ballet, futebol, capoeira, m\u00fasica, teatro, psicomotricidade, educa\u00e7\u00e3o f\u00edsica e oficinas de jardinagem, artesanato e culin\u00e1ria<\/li><li>Ambiente climatizado \u2013 todos os nossos ambientes s\u00e3o climatizados, proporcionando conforto e qualidade de ar e melhorando a aprendizagem<\/li><li>Escola Credenciada pelo Conselho Municipal de Educa\u00e7\u00e3o<\/li><li>Ambiente protegido \u2013 a Escola Criarte est\u00e1 protegida pela empresa TRANSUL Emerg\u00eancias M\u00e9dicas<\/li><\/ul><\/div><\/div><\/div>\t\t\t\t\t\t\t\t<\/div>\n\t\t\t\t<\/div>\n\t\t\t\t<\/div>\n\t\t<div class=\"elementor-element elementor-element-3ef745e e-con-full e-flex e-con e-child\" data-id=\"3ef745e\" data-element_type=\"container\">\n\t\t\t\t<div class=\"elementor-element elementor-element-66fb417 elementor-widget elementor-widget-text-editor\" data-id=\"66fb417\" data-element_type=\"widget\" data-widget_type=\"text-editor.default\">\n\t\t\t\t<div class=\"elementor-widget-container\">\n\t\t\t\t\t\t\t\t\t<div class=\"grid_col grid_col_6\"><div class=\"ce clearfix\"><div><ul class=\"checkmarks_style\"><li>Turmas com poucos alunos<\/li><li>3 p\u00e1tios, sendo 2 descobertos e 1 coberto;<\/li><li>P\u00e1tio revestido de piso emborrachado;<\/li><li>2 quadras esportivas;<\/li><li>P\u00e1tio exclusivo para as turmas do Ber\u00e7\u00e1rio e Mini Maternal;<\/li><li>Escola monitorada por c\u00e2meras internas e externas.<\/li><li>Portaria com seguran\u00e7a<\/li><li>Playgrounds e brinquedos por faixa-et\u00e1ria<\/li><li>Biblioteca<\/li><li>Salas tem\u00e1ticas<\/li><li>Horta<\/li><\/ul><\/div><\/div><\/div>\t\t\t\t\t\t\t\t<\/div>\n\t\t\t\t<\/div>\n\t\t\t\t<\/div>\n\t\t\t\t\t<\/div>\n\t\t\t\t<\/div>\n\t\t\t\t<\/div>\n\t\t","protected":false},"excerpt":{"rendered":"<p>800 m2 de \u00e1rea constru\u00edda para proporcionar \u00e0 crian\u00e7a espa\u00e7os amplos e seguros. Porte Coch\u00e8re \u2013 os pais entregam e buscam seus filhos de carro dentro da escola, protegidos da chuva e seguros Atividades especiais curriculares: everyday english desde o ber\u00e7\u00e1rio, ballet, futebol, capoeira, m\u00fasica, teatro, psicomotricidade, educa\u00e7\u00e3o f\u00edsica e oficinas de jardinagem, artesanato e [&hellip;]<\/p>\n","protected":false},"author":1,"featured_media":4950,"parent":0,"menu_order":0,"comment_status":"closed","ping_status":"closed","template":"","meta":{"footnotes":""},"class_list":["post-6360","page","type-page","status-publish","has-post-thumbnail","hentry"],"_links":{"self":[{"href":"https:\/\/escolinhacriarte.com.br\/site\/wp-json\/wp\/v2\/pages\/6360","targetHints":{"allow":["GET"]}}],"collection":[{"href":"https:\/\/escolinhacriarte.com.br\/site\/wp-json\/wp\/v2\/pages"}],"about":[{"href":"https:\/\/escolinhacriarte.com.br\/site\/wp-json\/wp\/v2\/types\/page"}],"author":[{"embeddable":true,"href":"https:\/\/escolinhacriarte.com.br\/site\/wp-json\/wp\/v2\/users\/1"}],"replies":[{"embeddable":true,"href":"https:\/\/escolinhacriarte.com.br\/site\/wp-json\/wp\/v2\/comments?post=6360"}],"version-history":[{"count":4,"href":"https:\/\/escolinhacriarte.com.br\/site\/wp-json\/wp\/v2\/pages\/6360\/revisions"}],"predecessor-version":[{"id":7024,"href":"https:\/\/escolinhacriarte.com.br\/site\/wp-json\/wp\/v2\/pages\/6360\/revisions\/7024"}],"wp:featuredmedia":[{"embeddable":true,"href":"https:\/\/escolinhacriarte.com.br\/site\/wp-json\/wp\/v2\/media\/4950"}],"wp:attachment":[{"href":"https:\/\/escolinhacriarte.com.br\/site\/wp-json\/wp\/v2\/media?parent=6360"}],"curies":[{"name":"wp","href":"https:\/\/api.w.org\/{rel}","templated":true}]}}