{"id":6364,"date":"2024-04-15T15:58:15","date_gmt":"2024-04-15T18:58:15","guid":{"rendered":"https:\/\/escolinhacriarte.com.br\/site\/?page_id=6364"},"modified":"2024-06-24T13:39:35","modified_gmt":"2024-06-24T16:39:35","slug":"turmas","status":"publish","type":"page","link":"https:\/\/escolinhacriarte.com.br\/site\/turmas\/","title":{"rendered":"Turmas"},"content":{"rendered":"\t\t<div data-elementor-type=\"wp-page\" data-elementor-id=\"6364\" class=\"elementor elementor-6364\" data-elementor-post-type=\"page\">\n\t\t\t\t<div class=\"elementor-element elementor-element-493561d e-flex e-con-boxed e-con e-parent\" data-id=\"493561d\" data-element_type=\"container\">\n\t\t\t\t\t<div class=\"e-con-inner\">\n\t\t<div class=\"elementor-element elementor-element-5ad536b e-con-full e-flex e-con e-child\" data-id=\"5ad536b\" data-element_type=\"container\">\n\t\t\t\t<div class=\"elementor-element elementor-element-3813b72 elementor-widget elementor-widget-heading\" data-id=\"3813b72\" data-element_type=\"widget\" data-widget_type=\"heading.default\">\n\t\t\t\t<div class=\"elementor-widget-container\">\n\t\t\t\t\t<h2 class=\"elementor-heading-title elementor-size-default\">Turmas<\/h2>\t\t\t\t<\/div>\n\t\t\t\t<\/div>\n\t\t\t\t<div class=\"elementor-element elementor-element-8455be7 elementor-widget elementor-widget-text-editor\" data-id=\"8455be7\" data-element_type=\"widget\" data-widget_type=\"text-editor.default\">\n\t\t\t\t<div class=\"elementor-widget-container\">\n\t\t\t\t\t\t\t\t\t<div><ul class=\"arrow_style\"><li>Ber\u00e7\u00e1rio \u2013 8 alunos<\/li><li>Mini Maternal \u2013 10 alunos<\/li><li>Maternal \u2013 12 a 14 alunos<\/li><li>Jardim \u2013 14 alunos<\/li><\/ul><\/div>\t\t\t\t\t\t\t\t<\/div>\n\t\t\t\t<\/div>\n\t\t\t\t<\/div>\n\t\t<div class=\"elementor-element elementor-element-ddf9d77 e-con-full e-flex e-con e-child\" data-id=\"ddf9d77\" data-element_type=\"container\">\n\t\t\t\t<div class=\"elementor-element elementor-element-5b9296f elementor-widget elementor-widget-heading\" data-id=\"5b9296f\" data-element_type=\"widget\" data-widget_type=\"heading.default\">\n\t\t\t\t<div class=\"elementor-widget-container\">\n\t\t\t\t\t<h2 class=\"elementor-heading-title elementor-size-default\">Turnos<\/h2>\t\t\t\t<\/div>\n\t\t\t\t<\/div>\n\t\t\t\t<div class=\"elementor-element elementor-element-1077268 elementor-widget elementor-widget-text-editor\" data-id=\"1077268\" data-element_type=\"widget\" data-widget_type=\"text-editor.default\">\n\t\t\t\t<div class=\"elementor-widget-container\">\n\t\t\t\t\t\t\t\t\t<div><ul class=\"arrow_style\"><li>Turno Manh\u00e3 (7h \u00e0s 13h)<\/li><li>Turno tarde (13h \u00e0s 19h)<\/li><li>Turno intermedi\u00e1rio (11h \u00e0s 19h)<\/li><li>Turno Integral (7h \u00e0s 19h)<\/li><\/ul><\/div>\t\t\t\t\t\t\t\t<\/div>\n\t\t\t\t<\/div>\n\t\t\t\t<\/div>\n\t\t\t\t\t<\/div>\n\t\t\t\t<\/div>\n\t\t\t\t<\/div>\n\t\t","protected":false},"excerpt":{"rendered":"<p>Turmas Ber\u00e7\u00e1rio \u2013 8 alunos Mini Maternal \u2013 10 alunos Maternal \u2013 12 a 14 alunos Jardim \u2013 14 alunos Turnos Turno Manh\u00e3 (7h \u00e0s 13h) Turno tarde (13h \u00e0s 19h) Turno intermedi\u00e1rio (11h \u00e0s 19h) Turno Integral (7h \u00e0s 19h)<\/p>\n","protected":false},"author":1,"featured_media":4913,"parent":0,"menu_order":0,"comment_status":"closed","ping_status":"closed","template":"","meta":{"footnotes":""},"class_list":["post-6364","page","type-page","status-publish","has-post-thumbnail","hentry"],"_links":{"self":[{"href":"https:\/\/escolinhacriarte.com.br\/site\/wp-json\/wp\/v2\/pages\/6364","targetHints":{"allow":["GET"]}}],"collection":[{"href":"https:\/\/escolinhacriarte.com.br\/site\/wp-json\/wp\/v2\/pages"}],"about":[{"href":"https:\/\/escolinhacriarte.com.br\/site\/wp-json\/wp\/v2\/types\/page"}],"author":[{"embeddable":true,"href":"https:\/\/escolinhacriarte.com.br\/site\/wp-json\/wp\/v2\/users\/1"}],"replies":[{"embeddable":true,"href":"https:\/\/escolinhacriarte.com.br\/site\/wp-json\/wp\/v2\/comments?post=6364"}],"version-history":[{"count":7,"href":"https:\/\/escolinhacriarte.com.br\/site\/wp-json\/wp\/v2\/pages\/6364\/revisions"}],"predecessor-version":[{"id":7134,"href":"https:\/\/escolinhacriarte.com.br\/site\/wp-json\/wp\/v2\/pages\/6364\/revisions\/7134"}],"wp:featuredmedia":[{"embeddable":true,"href":"https:\/\/escolinhacriarte.com.br\/site\/wp-json\/wp\/v2\/media\/4913"}],"wp:attachment":[{"href":"https:\/\/escolinhacriarte.com.br\/site\/wp-json\/wp\/v2\/media?parent=6364"}],"curies":[{"name":"wp","href":"https:\/\/api.w.org\/{rel}","templated":true}]}}