{"id":6374,"date":"2024-04-15T16:04:44","date_gmt":"2024-04-15T19:04:44","guid":{"rendered":"https:\/\/escolinhacriarte.com.br\/site\/?page_id=6374"},"modified":"2024-04-26T16:06:45","modified_gmt":"2024-04-26T19:06:45","slug":"matriculas","status":"publish","type":"page","link":"https:\/\/escolinhacriarte.com.br\/site\/matriculas\/","title":{"rendered":"Matr\u00edculas"},"content":{"rendered":"\t\t<div data-elementor-type=\"wp-page\" data-elementor-id=\"6374\" class=\"elementor elementor-6374\" data-elementor-post-type=\"page\">\n\t\t\t\t<div class=\"elementor-element elementor-element-b51bce3 e-flex e-con-boxed e-con e-parent\" data-id=\"b51bce3\" data-element_type=\"container\">\n\t\t\t\t\t<div class=\"e-con-inner\">\n\t\t<div class=\"elementor-element elementor-element-fb1f58b e-con-full e-flex e-con e-child\" data-id=\"fb1f58b\" data-element_type=\"container\">\n\t\t\t\t<div class=\"elementor-element elementor-element-8595b19 elementor-widget elementor-widget-heading\" data-id=\"8595b19\" data-element_type=\"widget\" data-widget_type=\"heading.default\">\n\t\t\t\t<div class=\"elementor-widget-container\">\n\t\t\t\t\t<h2 class=\"elementor-heading-title elementor-size-default\">Matr\u00edculas Abertas<\/h2>\t\t\t\t<\/div>\n\t\t\t\t<\/div>\n\t\t\t\t<div class=\"elementor-element elementor-element-57b9c9f elementor-widget elementor-widget-text-editor\" data-id=\"57b9c9f\" data-element_type=\"widget\" data-widget_type=\"text-editor.default\">\n\t\t\t\t<div class=\"elementor-widget-container\">\n\t\t\t\t\t\t\t\t\t<p>Nossas matr\u00edculas est\u00e3o abertas durante todo o ano mediante disponibilidade de vagas. Para conhecer a nossa Escola, \u00e9 necess\u00e1rio o agendamento da visita por telefone.<\/p>\t\t\t\t\t\t\t\t<\/div>\n\t\t\t\t<\/div>\n\t\t\t\t<\/div>\n\t\t<div class=\"elementor-element elementor-element-2f0c1ff e-con-full e-flex e-con e-child\" data-id=\"2f0c1ff\" data-element_type=\"container\">\n\t\t\t\t<div class=\"elementor-element elementor-element-a019382 elementor-widget elementor-widget-heading\" data-id=\"a019382\" data-element_type=\"widget\" data-widget_type=\"heading.default\">\n\t\t\t\t<div class=\"elementor-widget-container\">\n\t\t\t\t\t<h2 class=\"elementor-heading-title elementor-size-default\">Documentos Obrigat\u00f3rios<\/h2>\t\t\t\t<\/div>\n\t\t\t\t<\/div>\n\t\t\t\t<div class=\"elementor-element elementor-element-8cbed1e elementor-widget elementor-widget-text-editor\" data-id=\"8cbed1e\" data-element_type=\"widget\" data-widget_type=\"text-editor.default\">\n\t\t\t\t<div class=\"elementor-widget-container\">\n\t\t\t\t\t\t\t\t\t<div><ul class=\"checkmarks_style\"><li>Xerox da certid\u00e3o de nascimento ou carteira de identidade do aluno<\/li><li>Prescri\u00e7\u00e3o m\u00e9dica de antit\u00e9rmico<\/li><li>Xerox da carteira de vacinas atualizada<\/li><li>Ficha de Inscri\u00e7\u00e3o preenchida<\/li><li>Xerox da carteira de identidade e CPF dos respons\u00e1veis<\/li><li>Xerox do comprovante de resid\u00eancia<\/li><li>Contrato de presta\u00e7\u00e3o de servi\u00e7o assinado<\/li><li>Libera\u00e7\u00e3o de alimentos para beb\u00eas at\u00e9 12 meses<\/li><\/ul><\/div>\t\t\t\t\t\t\t\t<\/div>\n\t\t\t\t<\/div>\n\t\t\t\t<\/div>\n\t\t\t\t\t<\/div>\n\t\t\t\t<\/div>\n\t\t<div class=\"elementor-element elementor-element-55fe72d e-flex e-con-boxed e-con e-parent\" data-id=\"55fe72d\" data-element_type=\"container\">\n\t\t\t\t\t<div class=\"e-con-inner\">\n\t\t\t\t<div class=\"elementor-element elementor-element-3e6b4b4 elementor-widget elementor-widget-spacer\" data-id=\"3e6b4b4\" data-element_type=\"widget\" data-widget_type=\"spacer.default\">\n\t\t\t\t<div class=\"elementor-widget-container\">\n\t\t\t\t\t\t\t<div class=\"elementor-spacer\">\n\t\t\t<div class=\"elementor-spacer-inner\"><\/div>\n\t\t<\/div>\n\t\t\t\t\t\t<\/div>\n\t\t\t\t<\/div>\n\t\t\t\t<div class=\"elementor-element elementor-element-0b96d95 elementor-widget elementor-widget-heading\" data-id=\"0b96d95\" data-element_type=\"widget\" data-widget_type=\"heading.default\">\n\t\t\t\t<div class=\"elementor-widget-container\">\n\t\t\t\t\t<h2 class=\"elementor-heading-title elementor-size-default\">Orienta\u00e7\u00f5es Gerais para as Fam\u00edlias<\/h2>\t\t\t\t<\/div>\n\t\t\t\t<\/div>\n\t\t\t\t<div class=\"elementor-element elementor-element-b64a76d elementor-widget elementor-widget-text-editor\" data-id=\"b64a76d\" data-element_type=\"widget\" data-widget_type=\"text-editor.default\">\n\t\t\t\t<div class=\"elementor-widget-container\">\n\t\t\t\t\t\t\t\t\t<p>Em caso de d\u00favida, entre em contato.<\/p>\t\t\t\t\t\t\t\t<\/div>\n\t\t\t\t<\/div>\n\t\t\t\t\t<\/div>\n\t\t\t\t<\/div>\n\t\t\t\t<\/div>\n\t\t","protected":false},"excerpt":{"rendered":"<p>Matr\u00edculas Abertas Nossas matr\u00edculas est\u00e3o abertas durante todo o ano mediante disponibilidade de vagas. Para conhecer a nossa Escola, \u00e9 necess\u00e1rio o agendamento da visita por telefone. Documentos Obrigat\u00f3rios Xerox da certid\u00e3o de nascimento ou carteira de identidade do aluno Prescri\u00e7\u00e3o m\u00e9dica de antit\u00e9rmico Xerox da carteira de vacinas atualizada Ficha de Inscri\u00e7\u00e3o preenchida Xerox [&hellip;]<\/p>\n","protected":false},"author":1,"featured_media":4859,"parent":0,"menu_order":0,"comment_status":"closed","ping_status":"closed","template":"","meta":{"footnotes":""},"class_list":["post-6374","page","type-page","status-publish","has-post-thumbnail","hentry"],"_links":{"self":[{"href":"https:\/\/escolinhacriarte.com.br\/site\/wp-json\/wp\/v2\/pages\/6374","targetHints":{"allow":["GET"]}}],"collection":[{"href":"https:\/\/escolinhacriarte.com.br\/site\/wp-json\/wp\/v2\/pages"}],"about":[{"href":"https:\/\/escolinhacriarte.com.br\/site\/wp-json\/wp\/v2\/types\/page"}],"author":[{"embeddable":true,"href":"https:\/\/escolinhacriarte.com.br\/site\/wp-json\/wp\/v2\/users\/1"}],"replies":[{"embeddable":true,"href":"https:\/\/escolinhacriarte.com.br\/site\/wp-json\/wp\/v2\/comments?post=6374"}],"version-history":[{"count":7,"href":"https:\/\/escolinhacriarte.com.br\/site\/wp-json\/wp\/v2\/pages\/6374\/revisions"}],"predecessor-version":[{"id":7048,"href":"https:\/\/escolinhacriarte.com.br\/site\/wp-json\/wp\/v2\/pages\/6374\/revisions\/7048"}],"wp:featuredmedia":[{"embeddable":true,"href":"https:\/\/escolinhacriarte.com.br\/site\/wp-json\/wp\/v2\/media\/4859"}],"wp:attachment":[{"href":"https:\/\/escolinhacriarte.com.br\/site\/wp-json\/wp\/v2\/media?parent=6374"}],"curies":[{"name":"wp","href":"https:\/\/api.w.org\/{rel}","templated":true}]}}